{"id":8805,"date":"2022-09-05T11:45:06","date_gmt":"2022-09-05T11:45:06","guid":{"rendered":"https:\/\/www.augentagesklinik-oberland.ch\/augenarzt\/?page_id=8805"},"modified":"2023-01-18T12:51:29","modified_gmt":"2023-01-18T12:51:29","slug":"augenmedizin","status":"publish","type":"page","link":"https:\/\/www.augentagesklinik-oberland.ch\/augenarzt\/augenmedizin\/","title":{"rendered":"Augenmedizin"},"content":{"rendered":"<div class=\"query-all-services-block container1364 mb120 mt120\"><div class=\"container\"><div class=\"content\"><div class=\"query-all-services-block-section-wrap mt120 augenmedizin\"><h3 class=\"query-all-services-block__title max830 mb24 semiBold\">Augenmedizin<\/h3><p class=\"query-all-services-block__text max830 mb48\">Wir bieten die ganze Bandbreite an augenmedizinischen Dienstleistungen an.<\/p><div class=\"query-all-services-block-wrap\" data-uuid=\"69e9d4f91a7c1\" data-load-more=\"\" data-count=\"10\"><div class=\"card-element\"><a class=\"wrapper-link\" href=\"https:\/\/www.augentagesklinik-oberland.ch\/augenarzt\/untersuchungen-therapien\/orthoptik\/\"><div class=\"card-element-wrap\"><div class=\"card-element-wrap__image\"><img loading=\"lazy\" decoding=\"async\" width=\"672\" height=\"396\" src=\"https:\/\/www.augentagesklinik-oberland.ch\/augenarzt\/app\/uploads\/2022\/08\/Nahaufnahme_Orthoptik_Kinder.jpg\" class=\"img__card-element wp-post-image\" alt=\"\" srcset=\"https:\/\/www.augentagesklinik-oberland.ch\/augenarzt\/app\/uploads\/2022\/08\/Nahaufnahme_Orthoptik_Kinder.jpg 672w, https:\/\/www.augentagesklinik-oberland.ch\/augenarzt\/app\/uploads\/2022\/08\/Nahaufnahme_Orthoptik_Kinder-300x177.jpg 300w\" sizes=\"auto, (max-width: 672px) 100vw, 672px\" \/><\/div><div class=\"card-element-wrap__content\"><div class=\"card-element-wrap__inner\"><p class=\"card-element-wrap__content-title semiBold\">Orthoptik<\/p><p class=\"card-element-wrap__content-excerpt mt8\">Die Orthoptik ist ein Fachgebiet der Augenheilkunde und befasst sich mit Sehschw\u00e4chen und Sehst\u00f6rungen, insbesondere im Bereich Schielerkrankungen.<\/p><span class=\"arrow__cta\"><svg class=\"svg-arrow\" width=\"32\" height=\"32\" viewBox=\"0 0 32 33\" fill=\"none\" xmlns=\"http:\/\/www.w3.org\/2000\/svg\"><path class=\"svg-arrow-path\" d=\"M16.667 12.2832L21.3337 16.9499L16.667 21.6165M10.667 16.9499H21.3337H10.667Z\" stroke=\"white\" stroke-width=\"2\" stroke-linecap=\"round\" stroke-linejoin=\"round\"\/><circle cx=\"16\" cy=\"16.9497\" r=\"15.5\" stroke=\"white\"\/><\/svg><\/span><\/div><\/div><\/div><\/a><\/div><div class=\"card-element\"><a class=\"wrapper-link\" href=\"https:\/\/www.augentagesklinik-oberland.ch\/augenarzt\/untersuchungen-therapien\/crosslinking\/\"><div class=\"card-element-wrap\"><div class=\"card-element-wrap__image\"><img loading=\"lazy\" decoding=\"async\" width=\"730\" height=\"410\" src=\"https:\/\/www.augentagesklinik-oberland.ch\/augenarzt\/app\/uploads\/2022\/08\/junge_A\u0308rztin_Untersuchung.jpg\" class=\"img__card-element wp-post-image\" alt=\"\" srcset=\"https:\/\/www.augentagesklinik-oberland.ch\/augenarzt\/app\/uploads\/2022\/08\/junge_A\u0308rztin_Untersuchung.jpg 730w, https:\/\/www.augentagesklinik-oberland.ch\/augenarzt\/app\/uploads\/2022\/08\/junge_A\u0308rztin_Untersuchung-300x168.jpg 300w\" sizes=\"auto, (max-width: 730px) 100vw, 730px\" \/><\/div><div class=\"card-element-wrap__content\"><div class=\"card-element-wrap__inner\"><p class=\"card-element-wrap__content-title semiBold\">Crosslinking<\/p><p class=\"card-element-wrap__content-excerpt mt8\">Crosslinking ist ein modernes Verfahren zur Behandlung der krankhaften Hornhautver\u00e4nderung Keratokonus.<\/p><span class=\"arrow__cta\"><svg class=\"svg-arrow\" width=\"32\" height=\"32\" viewBox=\"0 0 32 33\" fill=\"none\" xmlns=\"http:\/\/www.w3.org\/2000\/svg\"><path class=\"svg-arrow-path\" d=\"M16.667 12.2832L21.3337 16.9499L16.667 21.6165M10.667 16.9499H21.3337H10.667Z\" stroke=\"white\" stroke-width=\"2\" stroke-linecap=\"round\" stroke-linejoin=\"round\"\/><circle cx=\"16\" cy=\"16.9497\" r=\"15.5\" stroke=\"white\"\/><\/svg><\/span><\/div><\/div><\/div><\/a><\/div><div class=\"card-element\"><a class=\"wrapper-link\" href=\"https:\/\/www.augentagesklinik-oberland.ch\/augenarzt\/grauer-star-katarakt\/\"><div class=\"card-element-wrap\"><div class=\"card-element-wrap__image\"><img loading=\"lazy\" decoding=\"async\" width=\"710\" height=\"413\" src=\"https:\/\/www.augentagesklinik-oberland.ch\/augenarzt\/app\/uploads\/2022\/08\/katarakt.webp\" class=\"img__card-element wp-post-image\" alt=\"\" srcset=\"https:\/\/www.augentagesklinik-oberland.ch\/augenarzt\/app\/uploads\/2022\/08\/katarakt.webp 710w, https:\/\/www.augentagesklinik-oberland.ch\/augenarzt\/app\/uploads\/2022\/08\/katarakt-300x175.webp 300w\" sizes=\"auto, (max-width: 710px) 100vw, 710px\" \/><\/div><div class=\"card-element-wrap__content\"><div class=\"card-element-wrap__inner\"><p class=\"card-element-wrap__content-title semiBold\">Grauer Star (Katarakt)<\/p><p class=\"card-element-wrap__content-excerpt mt8\">Der Graue Star (Katarakt) bezeichnet eine Eintr\u00fcbung der Augenlinse. Es handelt sich dabei um die weltweit h\u00e4ufigste Augenerkrankung.<\/p><span class=\"arrow__cta\"><svg class=\"svg-arrow\" width=\"32\" height=\"32\" viewBox=\"0 0 32 33\" fill=\"none\" xmlns=\"http:\/\/www.w3.org\/2000\/svg\"><path class=\"svg-arrow-path\" d=\"M16.667 12.2832L21.3337 16.9499L16.667 21.6165M10.667 16.9499H21.3337H10.667Z\" stroke=\"white\" stroke-width=\"2\" stroke-linecap=\"round\" stroke-linejoin=\"round\"\/><circle cx=\"16\" cy=\"16.9497\" r=\"15.5\" stroke=\"white\"\/><\/svg><\/span><\/div><\/div><\/div><\/a><\/div><div class=\"card-element\"><a class=\"wrapper-link\" href=\"https:\/\/www.augentagesklinik-oberland.ch\/augenarzt\/untersuchungen-therapien\/makuladegeneration\/\"><div class=\"card-element-wrap\"><div class=\"card-element-wrap__image\"><img loading=\"lazy\" decoding=\"async\" width=\"730\" height=\"410\" src=\"https:\/\/www.augentagesklinik-oberland.ch\/augenarzt\/app\/uploads\/2022\/08\/a\u0308ltere_Frau_Untersuchung_Spaltlampe.jpg\" class=\"img__card-element wp-post-image\" alt=\"\" srcset=\"https:\/\/www.augentagesklinik-oberland.ch\/augenarzt\/app\/uploads\/2022\/08\/a\u0308ltere_Frau_Untersuchung_Spaltlampe.jpg 730w, https:\/\/www.augentagesklinik-oberland.ch\/augenarzt\/app\/uploads\/2022\/08\/a\u0308ltere_Frau_Untersuchung_Spaltlampe-300x168.jpg 300w\" sizes=\"auto, (max-width: 730px) 100vw, 730px\" \/><\/div><div class=\"card-element-wrap__content\"><div class=\"card-element-wrap__inner\"><p class=\"card-element-wrap__content-title semiBold\">Altersbedingte Makuladegeneration (AMD)<\/p><p class=\"card-element-wrap__content-excerpt mt8\">Die altersbedingte Makuladegeneration ist eine Augenkrankheit des Zentrums der Netzhaut (Makula). Dieses lichtempfindliche Areal im Auge hat eine hohe Dichte an Sinneszellen und ist essentiell f\u00fcr das Sehen feiner Details.<\/p><span class=\"arrow__cta\"><svg class=\"svg-arrow\" width=\"32\" height=\"32\" viewBox=\"0 0 32 33\" fill=\"none\" xmlns=\"http:\/\/www.w3.org\/2000\/svg\"><path class=\"svg-arrow-path\" d=\"M16.667 12.2832L21.3337 16.9499L16.667 21.6165M10.667 16.9499H21.3337H10.667Z\" stroke=\"white\" stroke-width=\"2\" stroke-linecap=\"round\" stroke-linejoin=\"round\"\/><circle cx=\"16\" cy=\"16.9497\" r=\"15.5\" stroke=\"white\"\/><\/svg><\/span><\/div><\/div><\/div><\/a><\/div><div class=\"card-element\"><a class=\"wrapper-link\" href=\"https:\/\/www.augentagesklinik-oberland.ch\/augenarzt\/untersuchungen-therapien\/netzhauterkrankungen\/\"><div class=\"card-element-wrap\"><div class=\"card-element-wrap__image\"><img loading=\"lazy\" decoding=\"async\" width=\"640\" height=\"375\" src=\"https:\/\/www.augentagesklinik-oberland.ch\/augenarzt\/app\/uploads\/2024\/01\/netzhauterkrankungen.jpeg\" class=\"img__card-element wp-post-image\" alt=\"\" srcset=\"https:\/\/www.augentagesklinik-oberland.ch\/augenarzt\/app\/uploads\/2024\/01\/netzhauterkrankungen.jpeg 640w, https:\/\/www.augentagesklinik-oberland.ch\/augenarzt\/app\/uploads\/2024\/01\/netzhauterkrankungen-300x176.jpeg 300w\" sizes=\"auto, (max-width: 640px) 100vw, 640px\" \/><\/div><div class=\"card-element-wrap__content\"><div class=\"card-element-wrap__inner\"><p class=\"card-element-wrap__content-title semiBold\">Netzhauterkrankungen<\/p><p class=\"card-element-wrap__content-excerpt mt8\">Netzhauterkrankungen sind sehr unterschiedlich in ihren Ursachen. Auch die Folgen k\u00f6nnen von harmlos bis dramatisch verlaufen, weshalb die Behandlung stark auf den Einzelfall angepasst werden muss.<\/p><span class=\"arrow__cta\"><svg class=\"svg-arrow\" width=\"32\" height=\"32\" viewBox=\"0 0 32 33\" fill=\"none\" xmlns=\"http:\/\/www.w3.org\/2000\/svg\"><path class=\"svg-arrow-path\" d=\"M16.667 12.2832L21.3337 16.9499L16.667 21.6165M10.667 16.9499H21.3337H10.667Z\" stroke=\"white\" stroke-width=\"2\" stroke-linecap=\"round\" stroke-linejoin=\"round\"\/><circle cx=\"16\" cy=\"16.9497\" r=\"15.5\" stroke=\"white\"\/><\/svg><\/span><\/div><\/div><\/div><\/a><\/div><div class=\"card-element\"><a class=\"wrapper-link\" href=\"https:\/\/www.augentagesklinik-oberland.ch\/augenarzt\/untersuchungen-therapien\/gruener-star-glaukom\/\"><div class=\"card-element-wrap\"><div class=\"card-element-wrap__image\"><img loading=\"lazy\" decoding=\"async\" width=\"730\" height=\"410\" src=\"https:\/\/www.augentagesklinik-oberland.ch\/augenarzt\/app\/uploads\/2022\/09\/glaukom-1-1-1.jpg\" class=\"img__card-element wp-post-image\" alt=\"\" srcset=\"https:\/\/www.augentagesklinik-oberland.ch\/augenarzt\/app\/uploads\/2022\/09\/glaukom-1-1-1.jpg 730w, https:\/\/www.augentagesklinik-oberland.ch\/augenarzt\/app\/uploads\/2022\/09\/glaukom-1-1-1-300x168.jpg 300w\" sizes=\"auto, (max-width: 730px) 100vw, 730px\" \/><\/div><div class=\"card-element-wrap__content\"><div class=\"card-element-wrap__inner\"><p class=\"card-element-wrap__content-title semiBold\">Gr\u00fcner Star (Glaukom)<\/p><p class=\"card-element-wrap__content-excerpt mt8\">Ein Gr\u00fcner Star \u2013 auch Glaukom genannt \u2013 ist eine relativ h\u00e4ufige Erkrankung der Augen in unseren Breitengraden. H\u00e4ufig wird daher empfohlen, regelm\u00e4ssig zur Vorsorgeuntersuchung zu gehen, um ein m\u00f6gliches Auftreten fr\u00fchzeitig zu erkennen und entsprechend handeln zu k\u00f6nnen \u2013 bevor ein bleibender Schaden entsteht.<\/p><span class=\"arrow__cta\"><svg class=\"svg-arrow\" width=\"32\" height=\"32\" viewBox=\"0 0 32 33\" fill=\"none\" xmlns=\"http:\/\/www.w3.org\/2000\/svg\"><path class=\"svg-arrow-path\" d=\"M16.667 12.2832L21.3337 16.9499L16.667 21.6165M10.667 16.9499H21.3337H10.667Z\" stroke=\"white\" stroke-width=\"2\" stroke-linecap=\"round\" stroke-linejoin=\"round\"\/><circle cx=\"16\" cy=\"16.9497\" r=\"15.5\" stroke=\"white\"\/><\/svg><\/span><\/div><\/div><\/div><\/a><\/div><div class=\"card-element\"><a class=\"wrapper-link\" href=\"https:\/\/www.augentagesklinik-oberland.ch\/augenarzt\/lidbehandlungen\/\"><div class=\"card-element-wrap\"><div class=\"card-element-wrap__image\"><img loading=\"lazy\" decoding=\"async\" width=\"730\" height=\"410\" src=\"https:\/\/www.augentagesklinik-oberland.ch\/augenarzt\/app\/uploads\/2023\/07\/lidbehandlungen.jpeg\" class=\"img__card-element wp-post-image\" alt=\"\" srcset=\"https:\/\/www.augentagesklinik-oberland.ch\/augenarzt\/app\/uploads\/2023\/07\/lidbehandlungen.jpeg 730w, https:\/\/www.augentagesklinik-oberland.ch\/augenarzt\/app\/uploads\/2023\/07\/lidbehandlungen-300x168.jpeg 300w\" sizes=\"auto, (max-width: 730px) 100vw, 730px\" \/><\/div><div class=\"card-element-wrap__content\"><div class=\"card-element-wrap__inner\"><p class=\"card-element-wrap__content-title semiBold\">Lidbehandlungen<\/p><p class=\"card-element-wrap__content-excerpt mt8\">Ein frischeres Aussehen durch kleine operative Eingriffe.<\/p><span class=\"arrow__cta\"><svg class=\"svg-arrow\" width=\"32\" height=\"32\" viewBox=\"0 0 32 33\" fill=\"none\" xmlns=\"http:\/\/www.w3.org\/2000\/svg\"><path class=\"svg-arrow-path\" d=\"M16.667 12.2832L21.3337 16.9499L16.667 21.6165M10.667 16.9499H21.3337H10.667Z\" stroke=\"white\" stroke-width=\"2\" stroke-linecap=\"round\" stroke-linejoin=\"round\"\/><circle cx=\"16\" cy=\"16.9497\" r=\"15.5\" stroke=\"white\"\/><\/svg><\/span><\/div><\/div><\/div><\/a><\/div><div class=\"card-element\"><a class=\"wrapper-link\" href=\"https:\/\/www.augentagesklinik-oberland.ch\/augenarzt\/kinderaugenarzt\/\"><div class=\"card-element-wrap\"><div class=\"card-element-wrap__image\"><img loading=\"lazy\" decoding=\"async\" width=\"672\" height=\"396\" src=\"https:\/\/www.augentagesklinik-oberland.ch\/augenarzt\/app\/uploads\/2022\/08\/Nahaufnahme_Orthoptik_Kinder.jpg\" class=\"img__card-element wp-post-image\" alt=\"\" srcset=\"https:\/\/www.augentagesklinik-oberland.ch\/augenarzt\/app\/uploads\/2022\/08\/Nahaufnahme_Orthoptik_Kinder.jpg 672w, https:\/\/www.augentagesklinik-oberland.ch\/augenarzt\/app\/uploads\/2022\/08\/Nahaufnahme_Orthoptik_Kinder-300x177.jpg 300w\" sizes=\"auto, (max-width: 672px) 100vw, 672px\" \/><\/div><div class=\"card-element-wrap__content\"><div class=\"card-element-wrap__inner\"><p class=\"card-element-wrap__content-title semiBold\">Kinderaugenheilkunde<\/p><p class=\"card-element-wrap__content-excerpt mt8\">Wie sind spezialisiert auf die Pr\u00e4vention, Diagnostik und Therapie von Schielerkrankungen, Sehschw\u00e4chen sowie Seh- und Augenbewegungsst\u00f6rungen bei Kindern.<\/p><span class=\"arrow__cta\"><svg class=\"svg-arrow\" width=\"32\" height=\"32\" viewBox=\"0 0 32 33\" fill=\"none\" xmlns=\"http:\/\/www.w3.org\/2000\/svg\"><path class=\"svg-arrow-path\" d=\"M16.667 12.2832L21.3337 16.9499L16.667 21.6165M10.667 16.9499H21.3337H10.667Z\" stroke=\"white\" stroke-width=\"2\" stroke-linecap=\"round\" stroke-linejoin=\"round\"\/><circle cx=\"16\" cy=\"16.9497\" r=\"15.5\" stroke=\"white\"\/><\/svg><\/span><\/div><\/div><\/div><\/a><\/div><div class=\"card-element\"><a class=\"wrapper-link\" href=\"https:\/\/www.augentagesklinik-oberland.ch\/augenarzt\/untersuchungen-therapien\/routinekontrollen\/\"><div class=\"card-element-wrap\"><div class=\"card-element-wrap__image\"><img loading=\"lazy\" decoding=\"async\" width=\"730\" height=\"410\" src=\"https:\/\/www.augentagesklinik-oberland.ch\/augenarzt\/app\/uploads\/2022\/08\/junge_A\u0308rztin_Untersuchung.jpg\" class=\"img__card-element wp-post-image\" alt=\"\" srcset=\"https:\/\/www.augentagesklinik-oberland.ch\/augenarzt\/app\/uploads\/2022\/08\/junge_A\u0308rztin_Untersuchung.jpg 730w, https:\/\/www.augentagesklinik-oberland.ch\/augenarzt\/app\/uploads\/2022\/08\/junge_A\u0308rztin_Untersuchung-300x168.jpg 300w\" sizes=\"auto, (max-width: 730px) 100vw, 730px\" \/><\/div><div class=\"card-element-wrap__content\"><div class=\"card-element-wrap__inner\"><p class=\"card-element-wrap__content-title semiBold\">Routinekontrollen<\/p><p class=\"card-element-wrap__content-excerpt mt8\">Die allgemeine Augenuntersuchung geh\u00f6rt zu den Standarduntersuchungen in jeder Augenarztpraxis \u2013 so auch bei uns in Wetzikon. Sie wird nicht nur sehr oft durchgef\u00fchrt, sondern hat sich auch aufgrund ihrer Effizienz im augen\u00e4rztlichen Alltag verankert.<\/p><span class=\"arrow__cta\"><svg class=\"svg-arrow\" width=\"32\" height=\"32\" viewBox=\"0 0 32 33\" fill=\"none\" xmlns=\"http:\/\/www.w3.org\/2000\/svg\"><path class=\"svg-arrow-path\" d=\"M16.667 12.2832L21.3337 16.9499L16.667 21.6165M10.667 16.9499H21.3337H10.667Z\" stroke=\"white\" stroke-width=\"2\" stroke-linecap=\"round\" stroke-linejoin=\"round\"\/><circle cx=\"16\" cy=\"16.9497\" r=\"15.5\" stroke=\"white\"\/><\/svg><\/span><\/div><\/div><\/div><\/a><\/div><div class=\"card-element\"><a class=\"wrapper-link\" href=\"https:\/\/www.augentagesklinik-oberland.ch\/augenarzt\/untersuchungen-therapien\/augen-notfaelle\/\"><div class=\"card-element-wrap\"><div class=\"card-element-wrap__image\"><img loading=\"lazy\" decoding=\"async\" width=\"730\" height=\"410\" src=\"https:\/\/www.augentagesklinik-oberland.ch\/augenarzt\/app\/uploads\/2022\/08\/Schmerzen_Augen.jpg\" class=\"img__card-element wp-post-image\" alt=\"\" srcset=\"https:\/\/www.augentagesklinik-oberland.ch\/augenarzt\/app\/uploads\/2022\/08\/Schmerzen_Augen.jpg 730w, https:\/\/www.augentagesklinik-oberland.ch\/augenarzt\/app\/uploads\/2022\/08\/Schmerzen_Augen-300x168.jpg 300w\" sizes=\"auto, (max-width: 730px) 100vw, 730px\" \/><\/div><div class=\"card-element-wrap__content\"><div class=\"card-element-wrap__inner\"><p class=\"card-element-wrap__content-title semiBold\">Augennotf\u00e4lle<\/p><p class=\"card-element-wrap__content-excerpt mt8\">Das Auge ist pl\u00f6tzlich stark ger\u00f6tet und tr\u00e4nt \u2013 ist das nur eine vor\u00fcbergehende St\u00f6rung oder ein ernsthaftes Problem? Und wie sieht es aus bei Augenschmerzen, eventuell in Kombination mit \u00dcbelkeit und Erbrechen? Handelt es sich dabei um einen augen\u00e4rztlichen Notfall?<\/p><span class=\"arrow__cta\"><svg class=\"svg-arrow\" width=\"32\" height=\"32\" viewBox=\"0 0 32 33\" fill=\"none\" xmlns=\"http:\/\/www.w3.org\/2000\/svg\"><path class=\"svg-arrow-path\" d=\"M16.667 12.2832L21.3337 16.9499L16.667 21.6165M10.667 16.9499H21.3337H10.667Z\" stroke=\"white\" stroke-width=\"2\" stroke-linecap=\"round\" stroke-linejoin=\"round\"\/><circle cx=\"16\" cy=\"16.9497\" r=\"15.5\" stroke=\"white\"\/><\/svg><\/span><\/div><\/div><\/div><\/a><\/div><\/div><\/div><\/div><\/div><\/div>","protected":false},"excerpt":{"rendered":"","protected":false},"author":5,"featured_media":0,"parent":0,"menu_order":0,"comment_status":"closed","ping_status":"closed","template":"","meta":{"_acf_changed":false,"footnotes":""},"class_list":["post-8805","page","type-page","status-publish","hentry"],"acf":[],"yoast_head":"<!-- This site is optimized with the Yoast SEO plugin v26.2 - https:\/\/yoast.com\/wordpress\/plugins\/seo\/ -->\n<title>Augenmedizin - Augentagesklinik Z\u00fcrich Oberland<\/title>\n<meta name=\"robots\" content=\"index, follow, max-snippet:-1, max-image-preview:large, max-video-preview:-1\" \/>\n<link rel=\"canonical\" href=\"https:\/\/www.augentagesklinik-oberland.ch\/augenarzt\/augenmedizin\/\" \/>\n<meta property=\"og:locale\" content=\"de_DE\" \/>\n<meta property=\"og:type\" content=\"article\" \/>\n<meta property=\"og:title\" content=\"Augenmedizin - Augentagesklinik Z\u00fcrich Oberland\" \/>\n<meta property=\"og:url\" content=\"https:\/\/www.augentagesklinik-oberland.ch\/augenarzt\/augenmedizin\/\" \/>\n<meta property=\"og:site_name\" content=\"Augentagesklinik Z\u00fcrich Oberland\" \/>\n<meta property=\"article:modified_time\" content=\"2023-01-18T12:51:29+00:00\" \/>\n<meta name=\"twitter:card\" content=\"summary_large_image\" \/>\n<script type=\"application\/ld+json\" class=\"yoast-schema-graph\">{\"@context\":\"https:\/\/schema.org\",\"@graph\":[{\"@type\":\"WebPage\",\"@id\":\"https:\/\/www.augentagesklinik-oberland.ch\/augenarzt\/augenmedizin\/\",\"url\":\"https:\/\/www.augentagesklinik-oberland.ch\/augenarzt\/augenmedizin\/\",\"name\":\"Augenmedizin - Augentagesklinik Z\u00fcrich Oberland\",\"isPartOf\":{\"@id\":\"https:\/\/www.augentagesklinik-oberland.ch\/augenarzt\/#website\"},\"datePublished\":\"2022-09-05T11:45:06+00:00\",\"dateModified\":\"2023-01-18T12:51:29+00:00\",\"breadcrumb\":{\"@id\":\"https:\/\/www.augentagesklinik-oberland.ch\/augenarzt\/augenmedizin\/#breadcrumb\"},\"inLanguage\":\"de-DE\",\"potentialAction\":[{\"@type\":\"ReadAction\",\"target\":[\"https:\/\/www.augentagesklinik-oberland.ch\/augenarzt\/augenmedizin\/\"]}]},{\"@type\":\"BreadcrumbList\",\"@id\":\"https:\/\/www.augentagesklinik-oberland.ch\/augenarzt\/augenmedizin\/#breadcrumb\",\"itemListElement\":[{\"@type\":\"ListItem\",\"position\":1,\"name\":\"Home\",\"item\":\"https:\/\/www.augentagesklinik-oberland.ch\/augenarzt\/\"},{\"@type\":\"ListItem\",\"position\":2,\"name\":\"Augenmedizin\"}]},{\"@type\":\"WebSite\",\"@id\":\"https:\/\/www.augentagesklinik-oberland.ch\/augenarzt\/#website\",\"url\":\"https:\/\/www.augentagesklinik-oberland.ch\/augenarzt\/\",\"name\":\"Augentagesklinik Z\u00fcrich Oberland\",\"description\":\"\",\"publisher\":{\"@id\":\"https:\/\/www.augentagesklinik-oberland.ch\/augenarzt\/#organization\"},\"potentialAction\":[{\"@type\":\"SearchAction\",\"target\":{\"@type\":\"EntryPoint\",\"urlTemplate\":\"https:\/\/www.augentagesklinik-oberland.ch\/augenarzt\/?s={search_term_string}\"},\"query-input\":{\"@type\":\"PropertyValueSpecification\",\"valueRequired\":true,\"valueName\":\"search_term_string\"}}],\"inLanguage\":\"de-DE\"},{\"@type\":\"Organization\",\"@id\":\"https:\/\/www.augentagesklinik-oberland.ch\/augenarzt\/#organization\",\"name\":\"Augentagesklinik Z\u00fcrich Oberland\",\"url\":\"https:\/\/www.augentagesklinik-oberland.ch\/augenarzt\/\",\"logo\":{\"@type\":\"ImageObject\",\"inLanguage\":\"de-DE\",\"@id\":\"https:\/\/www.augentagesklinik-oberland.ch\/augenarzt\/#\/schema\/logo\/image\/\",\"url\":\"https:\/\/www.augentagesklinik-oberland.ch\/augenarzt\/app\/uploads\/2022\/08\/Wetzikon-AZO-pos_RGB.svg\",\"contentUrl\":\"https:\/\/www.augentagesklinik-oberland.ch\/augenarzt\/app\/uploads\/2022\/08\/Wetzikon-AZO-pos_RGB.svg\",\"caption\":\"Augentagesklinik Z\u00fcrich Oberland\"},\"image\":{\"@id\":\"https:\/\/www.augentagesklinik-oberland.ch\/augenarzt\/#\/schema\/logo\/image\/\"}}]}<\/script>\n<!-- \/ Yoast SEO plugin. -->","yoast_head_json":{"title":"Augenmedizin - Augentagesklinik Z\u00fcrich Oberland","robots":{"index":"index","follow":"follow","max-snippet":"max-snippet:-1","max-image-preview":"max-image-preview:large","max-video-preview":"max-video-preview:-1"},"canonical":"https:\/\/www.augentagesklinik-oberland.ch\/augenarzt\/augenmedizin\/","og_locale":"de_DE","og_type":"article","og_title":"Augenmedizin - Augentagesklinik Z\u00fcrich Oberland","og_url":"https:\/\/www.augentagesklinik-oberland.ch\/augenarzt\/augenmedizin\/","og_site_name":"Augentagesklinik Z\u00fcrich Oberland","article_modified_time":"2023-01-18T12:51:29+00:00","twitter_card":"summary_large_image","schema":{"@context":"https:\/\/schema.org","@graph":[{"@type":"WebPage","@id":"https:\/\/www.augentagesklinik-oberland.ch\/augenarzt\/augenmedizin\/","url":"https:\/\/www.augentagesklinik-oberland.ch\/augenarzt\/augenmedizin\/","name":"Augenmedizin - Augentagesklinik Z\u00fcrich Oberland","isPartOf":{"@id":"https:\/\/www.augentagesklinik-oberland.ch\/augenarzt\/#website"},"datePublished":"2022-09-05T11:45:06+00:00","dateModified":"2023-01-18T12:51:29+00:00","breadcrumb":{"@id":"https:\/\/www.augentagesklinik-oberland.ch\/augenarzt\/augenmedizin\/#breadcrumb"},"inLanguage":"de-DE","potentialAction":[{"@type":"ReadAction","target":["https:\/\/www.augentagesklinik-oberland.ch\/augenarzt\/augenmedizin\/"]}]},{"@type":"BreadcrumbList","@id":"https:\/\/www.augentagesklinik-oberland.ch\/augenarzt\/augenmedizin\/#breadcrumb","itemListElement":[{"@type":"ListItem","position":1,"name":"Home","item":"https:\/\/www.augentagesklinik-oberland.ch\/augenarzt\/"},{"@type":"ListItem","position":2,"name":"Augenmedizin"}]},{"@type":"WebSite","@id":"https:\/\/www.augentagesklinik-oberland.ch\/augenarzt\/#website","url":"https:\/\/www.augentagesklinik-oberland.ch\/augenarzt\/","name":"Augentagesklinik Z\u00fcrich Oberland","description":"","publisher":{"@id":"https:\/\/www.augentagesklinik-oberland.ch\/augenarzt\/#organization"},"potentialAction":[{"@type":"SearchAction","target":{"@type":"EntryPoint","urlTemplate":"https:\/\/www.augentagesklinik-oberland.ch\/augenarzt\/?s={search_term_string}"},"query-input":{"@type":"PropertyValueSpecification","valueRequired":true,"valueName":"search_term_string"}}],"inLanguage":"de-DE"},{"@type":"Organization","@id":"https:\/\/www.augentagesklinik-oberland.ch\/augenarzt\/#organization","name":"Augentagesklinik Z\u00fcrich Oberland","url":"https:\/\/www.augentagesklinik-oberland.ch\/augenarzt\/","logo":{"@type":"ImageObject","inLanguage":"de-DE","@id":"https:\/\/www.augentagesklinik-oberland.ch\/augenarzt\/#\/schema\/logo\/image\/","url":"https:\/\/www.augentagesklinik-oberland.ch\/augenarzt\/app\/uploads\/2022\/08\/Wetzikon-AZO-pos_RGB.svg","contentUrl":"https:\/\/www.augentagesklinik-oberland.ch\/augenarzt\/app\/uploads\/2022\/08\/Wetzikon-AZO-pos_RGB.svg","caption":"Augentagesklinik Z\u00fcrich Oberland"},"image":{"@id":"https:\/\/www.augentagesklinik-oberland.ch\/augenarzt\/#\/schema\/logo\/image\/"}}]}},"_links":{"self":[{"href":"https:\/\/www.augentagesklinik-oberland.ch\/augenarzt\/wp-json\/wp\/v2\/pages\/8805","targetHints":{"allow":["GET"]}}],"collection":[{"href":"https:\/\/www.augentagesklinik-oberland.ch\/augenarzt\/wp-json\/wp\/v2\/pages"}],"about":[{"href":"https:\/\/www.augentagesklinik-oberland.ch\/augenarzt\/wp-json\/wp\/v2\/types\/page"}],"author":[{"embeddable":true,"href":"https:\/\/www.augentagesklinik-oberland.ch\/augenarzt\/wp-json\/wp\/v2\/users\/5"}],"replies":[{"embeddable":true,"href":"https:\/\/www.augentagesklinik-oberland.ch\/augenarzt\/wp-json\/wp\/v2\/comments?post=8805"}],"version-history":[{"count":6,"href":"https:\/\/www.augentagesklinik-oberland.ch\/augenarzt\/wp-json\/wp\/v2\/pages\/8805\/revisions"}],"predecessor-version":[{"id":9397,"href":"https:\/\/www.augentagesklinik-oberland.ch\/augenarzt\/wp-json\/wp\/v2\/pages\/8805\/revisions\/9397"}],"wp:attachment":[{"href":"https:\/\/www.augentagesklinik-oberland.ch\/augenarzt\/wp-json\/wp\/v2\/media?parent=8805"}],"curies":[{"name":"wp","href":"https:\/\/api.w.org\/{rel}","templated":true}]}}